{"id":7725,"date":"2025-12-15T15:28:08","date_gmt":"2025-12-15T13:28:08","guid":{"rendered":"https:\/\/compagniedesindesrum.com\/?page_id=7725"},"modified":"2025-12-15T15:45:36","modified_gmt":"2025-12-15T13:45:36","slug":"politique-de-gestion-des-cookies","status":"publish","type":"page","link":"https:\/\/compagniedesindesrum.com\/fr\/politique-de-gestion-des-cookies\/","title":{"rendered":"Politique de gestion des cookies"},"content":{"rendered":"[vc_row type=\u00a0\u00bbin_container\u00a0\u00bb full_screen_row_position=\u00a0\u00bbmiddle\u00a0\u00bb column_margin=\u00a0\u00bbdefault\u00a0\u00bb column_direction=\u00a0\u00bbdefault\u00a0\u00bb column_direction_tablet=\u00a0\u00bbdefault\u00a0\u00bb column_direction_phone=\u00a0\u00bbdefault\u00a0\u00bb scene_position=\u00a0\u00bbcenter\u00a0\u00bb text_color=\u00a0\u00bbdark\u00a0\u00bb text_align=\u00a0\u00bbleft\u00a0\u00bb row_border_radius=\u00a0\u00bbnone\u00a0\u00bb row_border_radius_applies=\u00a0\u00bbbg\u00a0\u00bb overlay_strength=\u00a0\u00bb0.3&Prime; gradient_direction=\u00a0\u00bbleft_to_right\u00a0\u00bb shape_divider_position=\u00a0\u00bbbottom\u00a0\u00bb bg_image_animation=\u00a0\u00bbnone\u00a0\u00bb][vc_column column_padding=\u00a0\u00bbno-extra-padding\u00a0\u00bb column_padding_tablet=\u00a0\u00bbinherit\u00a0\u00bb column_padding_phone=\u00a0\u00bbinherit\u00a0\u00bb column_padding_position=\u00a0\u00bball\u00a0\u00bb background_color_opacity=\u00a0\u00bb1&Prime; background_hover_color_opacity=\u00a0\u00bb1&Prime; column_shadow=\u00a0\u00bbnone\u00a0\u00bb column_border_radius=\u00a0\u00bbnone\u00a0\u00bb column_link_target=\u00a0\u00bb_self\u00a0\u00bb gradient_direction=\u00a0\u00bbleft_to_right\u00a0\u00bb overlay_strength=\u00a0\u00bb0.3&Prime; width=\u00a0\u00bb1\/1&Prime; tablet_width_inherit=\u00a0\u00bbdefault\u00a0\u00bb tablet_text_alignment=\u00a0\u00bbdefault\u00a0\u00bb phone_text_alignment=\u00a0\u00bbdefault\u00a0\u00bb column_border_width=\u00a0\u00bbnone\u00a0\u00bb column_border_style=\u00a0\u00bbsolid\u00a0\u00bb bg_image_animation=\u00a0\u00bbnone\u00a0\u00bb][vc_column_text]\n<h2 class=\"main-page-title page-title h0 scroll-trigger animate--fade-in\">Politique de gestion des cookies<\/h2>\n<p><span style=\"font-weight: 400;\">La pr\u00e9sente politique de cookies vise \u00e0 vous donner toutes les informations utiles s\u2019agissant plus pr\u00e9cis\u00e9ment des cookies et traceurs utilis\u00e9s par notre Site.<\/span><\/p>\n<p><span style=\"font-weight: 400;\">Vous pouvez modifier les choix que vous avez op\u00e9r\u00e9s sur les cookies relatifs \u00e0 votre navigation sur notre Site en vous rendant sur l\u2019\u00e9cran que nous mettons \u00e0 votre disposition, accessible en cliquant sur l\u2019onglet \u00ab\u00a0<\/span><i><span style=\"font-weight: 400;\">Gestion des cookies<\/span><\/i><span style=\"font-weight: 400;\">\u00a0\u00bb situ\u00e9 en bas de chacune des pages du Site.\u00a0<\/span><\/p>\n<ul>\n<li aria-level=\"1\"><b>Qu&rsquo;est-ce qu&rsquo;un \u00ab\u00a0cookie\u00a0\u00bb ?<\/b><\/li>\n<\/ul>\n<p><span style=\"font-weight: 400;\">Un cookie est un traceur permettant d\u2019obtenir des informations relatives \u00e0 votre navigation sur notre site.<\/span><\/p>\n<p><span style=\"font-weight: 400;\">Ces fichiers souvent chiffr\u00e9s sont stock\u00e9s dans votre navigateur, ils sont cr\u00e9\u00e9s pour une dur\u00e9e limit\u00e9e lorsque votre navigateur charge un site Internet donn\u00e9.\u00a0<\/span><\/p>\n<p><span style=\"font-weight: 400;\">Les informations stock\u00e9es par les cookies portent notamment sur les pages visit\u00e9es, le type de navigateur que vous utilisez, votre adresse IP, voire les informations que vous avez saisies sur un site afin de vous \u00e9viter de les ressaisir.<\/span><\/p>\n<ul>\n<li aria-level=\"1\"><b>Les types de cookies<\/b><\/li>\n<\/ul>\n<p><span style=\"font-weight: 400;\">Les cookies servent \u00e0 l\u2019am\u00e9lioration des services qui vous sont destin\u00e9s. Certains sont strictement n\u00e9cessaires au fonctionnement du site, d\u2019autres servent \u00e0 am\u00e9liorer les performances du site ou votre exp\u00e9rience d\u2019utilisateur\u00a0: il s\u2019agit de ceux destin\u00e9s aux statistiques, aux r\u00e9seaux sociaux ou \u00e0 la publicit\u00e9.<\/span><\/p>\n<p><span style=\"font-weight: 400;\">Les cookies n\u00e9cessaires au fonctionnement du site\u00a0:\u00a0<\/span><\/p>\n<ul>\n<li style=\"font-weight: 400;\" aria-level=\"1\"><span style=\"font-weight: 400;\">Les cookies techniques, ils permettent notamment de m\u00e9moriser les informations de connexion et de fournir une connexion s\u00e9curis\u00e9e. Ils sont n\u00e9cessaires au bon fonctionnement du Site.<\/span><\/li>\n<li style=\"font-weight: 400;\" aria-level=\"1\"><span style=\"font-weight: 400;\">Les cookies offrant des fonctionnalit\u00e9s d\u2019optimisation de la navigation ou encore de l\u2019apparence du Site (ex. modifications de la taille du texte)\u00a0;<\/span><\/li>\n<\/ul>\n<p><span style=\"font-weight: 400;\">Les cookies non n\u00e9cessaires\u00a0:\u00a0<\/span><\/p>\n<ul>\n<li style=\"font-weight: 400;\" aria-level=\"1\"><span style=\"font-weight: 400;\">Les cookies statistiques ou de performance, permettant de conna\u00eetre les performances du Site, d&rsquo;\u00e9tablir des statistiques \u00e0 partir des volumes de fr\u00e9quentation et d\u2019utilisation des contenus ainsi que de d\u00e9tecter d\u2019\u00e9ventuelles anomalies de fonctionnement\u00a0;<\/span><\/li>\n<li style=\"font-weight: 400;\" aria-level=\"1\"><span style=\"font-weight: 400;\">Les cookies publicitaires destin\u00e9s \u00e0 vous pr\u00e9senter des offres et des informations adapt\u00e9es \u00e0 vos centres d&rsquo;int\u00e9r\u00eat lors de votre navigation sur Internet\u00a0;<\/span><\/li>\n<li style=\"font-weight: 400;\" aria-level=\"1\"><span style=\"font-weight: 400;\">Les cookies des r\u00e9seaux sociaux pour vous permettre le partage de contenus sp\u00e9cifiques.<\/span><\/li>\n<\/ul>\n<p><span style=\"font-weight: 400;\">Certains cookies sont rattach\u00e9s \u00e0 une session\u00a0: ils sont stock\u00e9s dans votre navigateur uniquement le temps de votre session de navigation et jusqu\u2019\u00e0 ce que vous quittiez le Site. Ils sont supprim\u00e9s apr\u00e8s.<\/span><\/p>\n<p><span style=\"font-weight: 400;\">Certains d\u2019entre eux peuvent \u00e9galement \u00eatre persistants : ils restent dans votre navigateur apr\u00e8s la session (sauf si vous les supprimez sp\u00e9cifiquement).<\/span><\/p>\n<p><span style=\"font-weight: 400;\">L\u2019utilisation des cookies est bas\u00e9e sur notre int\u00e9r\u00eat l\u00e9gitime \u00e0 assurer et \u00e0 am\u00e9liorer le fonctionnement de notre Site. Elle permet \u00e9galement de mesurer l\u2019audience du Site et d\u2019effectuer des partages sur les r\u00e9seaux sociaux.<\/span><\/p>\n<p><span style=\"font-weight: 400;\">Certains cookies ne seront d\u00e9pos\u00e9s qu\u2019avec votre consentement, conform\u00e9ment aux recommandations de la CNIL.\u00a0<\/span><\/p>\n<ul>\n<li aria-level=\"1\"><b>Devez-vous consentir au d\u00e9p\u00f4t des cookies ?<\/b><\/li>\n<\/ul>\n<p><span style=\"font-weight: 400;\">Terroirs Distillers Artisanal Brands recueillera votre consentement pr\u00e9alablement au d\u00e9p\u00f4t des cookies, \u00e0 l\u2019exception de ceux qui\u00a0:<\/span><\/p>\n<ul>\n<li style=\"font-weight: 400;\" aria-level=\"1\"><span style=\"font-weight: 400;\">sont strictement n\u00e9cessaires \u00e0 la fourniture d&rsquo;un service de communication en ligne \u00e0 votre demande expresse\u00a0;\u00a0<\/span><\/li>\n<li style=\"font-weight: 400;\" aria-level=\"1\"><span style=\"font-weight: 400;\">ou ont pour finalit\u00e9 exclusive de permettre ou de faciliter une communication par voie \u00e9lectronique.\u00a0<\/span><\/li>\n<\/ul>\n<p><span style=\"font-weight: 400;\">L\u2019enregistrement d\u2019un cookie par un tiers est subordonn\u00e9 \u00e0 votre consentement. Nous recueillons ce dernier lors de votre connexion au Site au moyen d\u2019un outil de gestion des cookies.<\/span><\/p>\n<p><span style=\"font-weight: 400;\">Lors de votre premi\u00e8re connexion sur le Site, vous \u00eates inform\u00e9 de l\u2019utilisation de cookies par le Site. Un \u00e9cran de consentement aux cookies vous propose d\u2019accepter, de refuser ou de personnaliser votre choix.<\/span><\/p>\n<p><span style=\"font-weight: 400;\">Vous pouvez bien s\u00fbr \u00e0 tout moment retirer votre consentement au d\u00e9p\u00f4t de cookies.<\/span><b><\/b><\/p>\n<ul>\n<li aria-level=\"1\"><b>Comment param\u00e9trer vos cookies ?<\/b><\/li>\n<\/ul>\n<p><span style=\"font-weight: 400;\">Lorsque vous effectuez un choix (acceptation ou refus au d\u00e9p\u00f4t de tout ou partie des traceurs), nous conservons votre choix pendant une dur\u00e9e de 6 mois \u00e0 compter de sa collecte.<\/span><\/p>\n<p><span style=\"font-weight: 400;\">N\u00e9anmoins, \u00e0 tout moment lors de votre navigation sur le Site, vous avez la possibilit\u00e9 de mettre \u00e0 jour vos choix, \u00e0 partir de l\u2019onglet \u00ab <\/span><i><span style=\"font-weight: 400;\">Gestion des cookies <\/span><\/i><span style=\"font-weight: 400;\">\u00bb situ\u00e9 en bas de chacune des pages du Site.<\/span><\/p>\n<p><span style=\"font-weight: 400;\">Vous avez \u00e9galement la possibilit\u00e9 de g\u00e9rer vos choix relatifs aux cookies en configurant directement les param\u00e8tres de votre navigateur. Toutefois, dans cette hypoth\u00e8se, vous pouvez \u00eatre amen\u00e9, chaque fois que vous visitez un site, \u00e0 devoir r\u00e9gler manuellement certaines pr\u00e9f\u00e9rences. De m\u00eame, certains services et fonctionnalit\u00e9s peuvent ne pas fonctionner.<\/span><\/p>\n<p><span style=\"font-weight: 400;\">&#8211; <\/span><span style=\"font-weight: 400;\">Pour <\/span><a href=\"https:\/\/support.microsoft.com\/fr-fr\/topic\/description-des-cookies-ad01aa7e-66c9-8ab2-7898-6652c100999d\"><span style=\"font-weight: 400;\">Internet Explorer\u2122<\/span><\/a><span style=\"font-weight: 400;\">\u00a0(1)<\/span><\/p>\n<p><span style=\"font-weight: 400;\">&#8211; <\/span><span style=\"font-weight: 400;\">Pour <\/span><a href=\"https:\/\/support.microsoft.com\/fr-fr\/help\/17442\/windows-internet-explorer-delete-manage-cookies\"><span style=\"font-weight: 400;\">Internet Explorer<\/span><\/a><span style=\"font-weight: 400;\"> (2)\u00a0<\/span><\/p>\n<p><span style=\"font-weight: 400;\">&#8211; <\/span><span style=\"font-weight: 400;\">Pour <\/span><a href=\"https:\/\/support.apple.com\/fr-fr\/guide\/safari\/sfri11471\/mac\"><span style=\"font-weight: 400;\">Safari\u2122<\/span><\/a><\/p>\n<p><span style=\"font-weight: 400;\">&#8211; <\/span><span style=\"font-weight: 400;\">Pour <\/span><a href=\"https:\/\/support.google.com\/chrome\/answer\/95647?hl=fr&amp;hlrm=en\"><span style=\"font-weight: 400;\">Chrome\u2122<\/span><\/a><span style=\"font-weight: 400;\">\u00a0<\/span><\/p>\n<p><span style=\"font-weight: 400;\">&#8211; <\/span><span style=\"font-weight: 400;\">Pour <\/span><a href=\"https:\/\/support.mozilla.org\/fr\/kb\/protection-renforcee-contre-pistage-firefox-ordinateur?redirectslug=Activer+et+d%C3%A9sactiver+les+cookies&amp;redirectlocale=fr\"><span style=\"font-weight: 400;\">Firefox\u2122<\/span><\/a><\/p>\n<p><span style=\"font-weight: 400;\">&#8211; <\/span><a href=\"https:\/\/www.opera.com\/fr\/secure-private-browser\"><span style=\"font-weight: 400;\">Pour Opera\u2122<\/span><\/a><\/p>\n<p><span style=\"font-weight: 400;\">Pour les p\u00e9riph\u00e9riques mobiles, vous pouvez consulter les liens suivants :<\/span><\/p>\n<p><span style=\"font-weight: 400;\">&#8211; <\/span><span style=\"font-weight: 400;\">Pour<\/span><a href=\"https:\/\/support.apple.com\/fr-fr\/HT201265\"><span style=\"font-weight: 400;\"> Safari\u2122\u00a0<\/span><\/a><\/p>\n<p><span style=\"font-weight: 400;\">&#8211; <\/span><span style=\"font-weight: 400;\">Pour <\/span><a href=\"https:\/\/support.google.com\/accounts\/answer\/61416?hl=fr&amp;ref_topic=2373959\"><span style=\"font-weight: 400;\">Chrome\u2122\u00a0<\/span><\/a><\/p>\n<p><span style=\"font-weight: 400;\">&#8211; <\/span><span style=\"font-weight: 400;\">Pour <\/span><a href=\"https:\/\/support.mozilla.org\/fr\/kb\/protection-renforcee-contre-pistage-firefox-ordinateur?redirectslug=Activer+et+d%C3%A9sactiver+les+cookies&amp;redirectlocale=fr\"><span style=\"font-weight: 400;\">Firefox\u2122\u00a0<\/span><\/a><\/p>\n<p><span style=\"font-weight: 400;\">ATTENTION\u00a0! La d\u00e9sactivation des cookies peut diminuer la qualit\u00e9 de navigation. Nous d\u00e9clinons toute responsabilit\u00e9 pour les cons\u00e9quences li\u00e9es \u00e0 une utilisation d\u00e9grad\u00e9e de nos services r\u00e9sultant de la suppression de cookies strictement n\u00e9cessairement au fonctionnement du Site.<\/span><b><\/b>[\/vc_column_text][\/vc_column][\/vc_row]\n","protected":false},"excerpt":{"rendered":"<p>[vc_row type=\u00a0\u00bbin_container\u00a0\u00bb full_screen_row_position=\u00a0\u00bbmiddle\u00a0\u00bb column_margin=\u00a0\u00bbdefault\u00a0\u00bb column_direction=\u00a0\u00bbdefault\u00a0\u00bb column_direction_tablet=\u00a0\u00bbdefault\u00a0\u00bb column_direction_phone=\u00a0\u00bbdefault\u00a0\u00bb scene_position=\u00a0\u00bbcenter\u00a0\u00bb text_color=\u00a0\u00bbdark\u00a0\u00bb text_align=\u00a0\u00bbleft\u00a0\u00bb row_border_radius=\u00a0\u00bbnone\u00a0\u00bb row_border_radius_applies=\u00a0\u00bbbg\u00a0\u00bb overlay_strength=\u00a0\u00bb0.3&Prime; gradient_direction=\u00a0\u00bbleft_to_right\u00a0\u00bb shape_divider_position=\u00a0\u00bbbottom\u00a0\u00bb bg_image_animation=\u00a0\u00bbnone\u00a0\u00bb][vc_column column_padding=\u00a0\u00bbno-extra-padding\u00a0\u00bb column_padding_tablet=\u00a0\u00bbinherit\u00a0\u00bb column_padding_phone=\u00a0\u00bbinherit\u00a0\u00bb column_padding_position=\u00a0\u00bball\u00a0\u00bb background_color_opacity=\u00a0\u00bb1&Prime; background_hover_color_opacity=\u00a0\u00bb1&Prime; column_shadow=\u00a0\u00bbnone\u00a0\u00bb column_border_radius=\u00a0\u00bbnone\u00a0\u00bb column_link_target=\u00a0\u00bb_self\u00a0\u00bb gradient_direction=\u00a0\u00bbleft_to_right\u00a0\u00bb overlay_strength=\u00a0\u00bb0.3&Prime; width=\u00a0\u00bb1\/1&Prime; tablet_width_inherit=\u00a0\u00bbdefault\u00a0\u00bb tablet_text_alignment=\u00a0\u00bbdefault\u00a0\u00bb&#8230;<\/p>\n","protected":false},"author":6,"featured_media":0,"parent":0,"menu_order":0,"comment_status":"closed","ping_status":"closed","template":"","meta":[],"yoast_head":"<!-- This site is optimized with the Yoast SEO plugin v15.6.1 - https:\/\/yoast.com\/wordpress\/plugins\/seo\/ -->\n<title>Politique de gestion des cookies - Compagnie des Indes<\/title>\n<meta name=\"description\" content=\"La pr\u00e9sente politique de cookies vise \u00e0 vous donner toutes les informations utiles s\u2019agissant plus pr\u00e9cis\u00e9ment des cookies et traceurs utilis\u00e9s par notre Site.\" \/>\n<meta name=\"robots\" content=\"index, follow, max-snippet:-1, max-image-preview:large, max-video-preview:-1\" \/>\n<link rel=\"canonical\" href=\"https:\/\/compagniedesindesrum.com\/fr\/politique-de-gestion-des-cookies\/\" \/>\n<meta property=\"og:locale\" content=\"fr_FR\" \/>\n<meta property=\"og:type\" content=\"article\" \/>\n<meta property=\"og:title\" content=\"Politique de gestion des cookies - Compagnie des Indes\" \/>\n<meta property=\"og:description\" content=\"La pr\u00e9sente politique de cookies vise \u00e0 vous donner toutes les informations utiles s\u2019agissant plus pr\u00e9cis\u00e9ment des cookies et traceurs utilis\u00e9s par notre Site.\" \/>\n<meta property=\"og:url\" content=\"https:\/\/compagniedesindesrum.com\/fr\/politique-de-gestion-des-cookies\/\" \/>\n<meta property=\"og:site_name\" content=\"Compagnie des Indes\" \/>\n<meta property=\"article:publisher\" content=\"https:\/\/www.facebook.com\/Compagniedesindes\/\" \/>\n<meta property=\"article:modified_time\" content=\"2025-12-15T13:45:36+00:00\" \/>\n<meta name=\"twitter:card\" content=\"summary\" \/>\n<meta name=\"twitter:label1\" content=\"Dur\u00e9e de lecture est.\">\n\t<meta name=\"twitter:data1\" content=\"5 minutes\">\n<script type=\"application\/ld+json\" class=\"yoast-schema-graph\">{\"@context\":\"https:\/\/schema.org\",\"@graph\":[{\"@type\":\"Organization\",\"@id\":\"https:\/\/compagniedesindesrum.com\/fr\/#organization\",\"name\":\"Compagnie des Indes\",\"url\":\"https:\/\/compagniedesindesrum.com\/fr\/\",\"sameAs\":[\"https:\/\/www.facebook.com\/Compagniedesindes\/\",\"https:\/\/www.instagram.com\/compagniedesindes\/\",\"https:\/\/www.linkedin.com\/company\/compagnie-des-indes\/\",\"https:\/\/www.youtube.com\/channel\/UCT2FJfSyIKBzqehPQk2-Tug\"],\"logo\":{\"@type\":\"ImageObject\",\"@id\":\"https:\/\/compagniedesindesrum.com\/fr\/#logo\",\"inLanguage\":\"fr-FR\",\"url\":\"https:\/\/compagniedesindesrum.com\/wp-content\/uploads\/2016\/05\/Logo-CDI-400.png\",\"width\":400,\"height\":218,\"caption\":\"Compagnie des Indes\"},\"image\":{\"@id\":\"https:\/\/compagniedesindesrum.com\/fr\/#logo\"}},{\"@type\":\"WebSite\",\"@id\":\"https:\/\/compagniedesindesrum.com\/fr\/#website\",\"url\":\"https:\/\/compagniedesindesrum.com\/fr\/\",\"name\":\"Compagnie des Indes\",\"description\":\"Most stunning rum collection\",\"publisher\":{\"@id\":\"https:\/\/compagniedesindesrum.com\/fr\/#organization\"},\"potentialAction\":[{\"@type\":\"SearchAction\",\"target\":\"https:\/\/compagniedesindesrum.com\/fr\/?s={search_term_string}\",\"query-input\":\"required name=search_term_string\"}],\"inLanguage\":\"fr-FR\"},{\"@type\":\"WebPage\",\"@id\":\"https:\/\/compagniedesindesrum.com\/fr\/politique-de-gestion-des-cookies\/#webpage\",\"url\":\"https:\/\/compagniedesindesrum.com\/fr\/politique-de-gestion-des-cookies\/\",\"name\":\"Politique de gestion des cookies - Compagnie des Indes\",\"isPartOf\":{\"@id\":\"https:\/\/compagniedesindesrum.com\/fr\/#website\"},\"datePublished\":\"2025-12-15T13:28:08+00:00\",\"dateModified\":\"2025-12-15T13:45:36+00:00\",\"description\":\"La pr\\u00e9sente politique de cookies vise \\u00e0 vous donner toutes les informations utiles s\\u2019agissant plus pr\\u00e9cis\\u00e9ment des cookies et traceurs utilis\\u00e9s par notre Site.\",\"inLanguage\":\"fr-FR\",\"potentialAction\":[{\"@type\":\"ReadAction\",\"target\":[\"https:\/\/compagniedesindesrum.com\/fr\/politique-de-gestion-des-cookies\/\"]}]}]}<\/script>\n<!-- \/ Yoast SEO plugin. -->","_links":{"self":[{"href":"https:\/\/compagniedesindesrum.com\/fr\/wp-json\/wp\/v2\/pages\/7725"}],"collection":[{"href":"https:\/\/compagniedesindesrum.com\/fr\/wp-json\/wp\/v2\/pages"}],"about":[{"href":"https:\/\/compagniedesindesrum.com\/fr\/wp-json\/wp\/v2\/types\/page"}],"author":[{"embeddable":true,"href":"https:\/\/compagniedesindesrum.com\/fr\/wp-json\/wp\/v2\/users\/6"}],"replies":[{"embeddable":true,"href":"https:\/\/compagniedesindesrum.com\/fr\/wp-json\/wp\/v2\/comments?post=7725"}],"version-history":[{"count":3,"href":"https:\/\/compagniedesindesrum.com\/fr\/wp-json\/wp\/v2\/pages\/7725\/revisions"}],"predecessor-version":[{"id":7734,"href":"https:\/\/compagniedesindesrum.com\/fr\/wp-json\/wp\/v2\/pages\/7725\/revisions\/7734"}],"wp:attachment":[{"href":"https:\/\/compagniedesindesrum.com\/fr\/wp-json\/wp\/v2\/media?parent=7725"}],"curies":[{"name":"wp","href":"https:\/\/api.w.org\/{rel}","templated":true}]}}