{"id":3759,"date":"2016-05-09T14:57:21","date_gmt":"2016-05-09T14:57:21","guid":{"rendered":"http:\/\/compagniedesindesrum.com\/fr\/legal\/"},"modified":"2025-12-15T15:33:37","modified_gmt":"2025-12-15T13:33:37","slug":"mentions-legales","status":"publish","type":"page","link":"https:\/\/compagniedesindesrum.com\/fr\/mentions-legales\/","title":{"rendered":"Mentions L\u00e9gales"},"content":{"rendered":"[vc_row type=\u00a0\u00bbfull_width_background\u00a0\u00bb full_screen_row_position=\u00a0\u00bbmiddle\u00a0\u00bb column_margin=\u00a0\u00bbdefault\u00a0\u00bb column_direction=\u00a0\u00bbdefault\u00a0\u00bb column_direction_tablet=\u00a0\u00bbdefault\u00a0\u00bb column_direction_phone=\u00a0\u00bbdefault\u00a0\u00bb scene_position=\u00a0\u00bbcenter\u00a0\u00bb bottom_padding=\u00a0\u00bb20&Prime; text_color=\u00a0\u00bbdark\u00a0\u00bb text_align=\u00a0\u00bbleft\u00a0\u00bb row_border_radius=\u00a0\u00bbnone\u00a0\u00bb row_border_radius_applies=\u00a0\u00bbbg\u00a0\u00bb overlay_strength=\u00a0\u00bb0.3&Prime; gradient_direction=\u00a0\u00bbleft_to_right\u00a0\u00bb shape_divider_position=\u00a0\u00bbbottom\u00a0\u00bb bg_image_animation=\u00a0\u00bbnone\u00a0\u00bb][vc_column column_padding=\u00a0\u00bbpadding-5-percent\u00a0\u00bb column_padding_tablet=\u00a0\u00bbinherit\u00a0\u00bb column_padding_phone=\u00a0\u00bbinherit\u00a0\u00bb column_padding_position=\u00a0\u00bbtop\u00a0\u00bb background_color_opacity=\u00a0\u00bb1&Prime; background_hover_color_opacity=\u00a0\u00bb1&Prime; column_shadow=\u00a0\u00bbnone\u00a0\u00bb column_border_radius=\u00a0\u00bbnone\u00a0\u00bb column_link_target=\u00a0\u00bb_self\u00a0\u00bb gradient_direction=\u00a0\u00bbleft_to_right\u00a0\u00bb overlay_strength=\u00a0\u00bb0.3&Prime; width=\u00a0\u00bb1\/1&Prime; tablet_width_inherit=\u00a0\u00bbdefault\u00a0\u00bb tablet_text_alignment=\u00a0\u00bbdefault\u00a0\u00bb phone_text_alignment=\u00a0\u00bbdefault\u00a0\u00bb column_border_width=\u00a0\u00bbnone\u00a0\u00bb column_border_style=\u00a0\u00bbsolid\u00a0\u00bb bg_image_animation=\u00a0\u00bbnone\u00a0\u00bb][vc_column_text]\n<h2>Mentions L\u00e9gales<\/h2>\n<p><b>Le site internet accessible \u00e0 partir de l\u2019adresse URL <\/b><a href=\"https:\/\/compagniedesindesrum.com\/fr\/\"><span style=\"font-weight: 400;\">https:\/\/compagniedesindesrum.com\/fr\/<\/span><\/a> <b>est la propri\u00e9t\u00e9 de et est \u00e9dit\u00e9 par :<\/b><\/p>\n<p><span style=\"font-weight: 400;\">La soci\u00e9t\u00e9 TERROIRS DISTILLERS ARTISANAL BRANDS, soci\u00e9t\u00e9 anonyme (SA) \u00e0 conseil d&rsquo;administration, au capital social de 703 000 euros, immatricul\u00e9e au registre du commerce et des soci\u00e9t\u00e9s de CHALON-SUR-SAONE sous le num\u00e9ro 892 264 573 dont le si\u00e8ge social est situ\u00e9 \u00e0 Les Noirots Route de Saint-Loup de la Salle \u00e0 CHAGNY (71150) (ci-apr\u00e8s \u00ab\u00a0TERROIRS DISTILLERS ARTISANAL BRANDS \u00bb) et repr\u00e9sent\u00e9e par M. Gabriel PICARD est pr\u00e9sident du conseil d&rsquo;administration.<\/span><\/p>\n<p><span style=\"font-weight: 400;\">N\u00b0 de TVA UE : FR 64\u00a0892 264 573<br \/>\n<\/span><span style=\"font-weight: 400;\">Code APE : 1101Z Production de boissons alcooliques distill\u00e9es<br \/>\n<\/span><span style=\"font-weight: 400;\">Adresse \u00e9lectronique : <\/span><a href=\"mailto:contact@compagniedesindesrum.com\"><span style=\"font-weight: 400;\">contact@compagniedesindesrum.com<\/span><\/a><\/p>\n<p><span style=\"font-weight: 400;\">SIRET\u00a0: 892 264 573 00015<br \/>\n<\/span><span style=\"font-weight: 400;\">Le directeur de la publication est M. Florent Beuchet. Il peut \u00eatre contact\u00e9 aux coordonn\u00e9es susmentionn\u00e9es.<br \/>\n<\/span><span style=\"font-weight: 400;\">Activit\u00e9 soumise \u00e0 r\u00e9gime d\u2019autorisation\u00a0: D\u00e9bit de boissons\u00a0\u2013 Autorisation d\u00e9livr\u00e9e le 20\/12\/2023 par la Mairie de Chagny, 4 Rue de Beaune 71150 Chagny.<\/span><\/p>\n<p><b>Le site\u00a0internet de TERROIRS DISTILLERS ARTISANAL BRANDS est h\u00e9berg\u00e9 par :<\/b><\/p>\n<p><span style=\"font-weight: 400;\">OVH \u2013\u00a0Soci\u00e9t\u00e9 par actions simplifi\u00e9e \u00e0 associ\u00e9 unique (SASU)<br \/>\n<\/span><span style=\"font-weight: 400;\">140 Quai du Sartel &#8211; 59100 Roubaix \u2013 France<br \/>\n<\/span><span style=\"font-weight: 400;\">T\u00e9l. : 08 20 32 03 63<br \/>\n<\/span><span style=\"font-weight: 400;\">SIRET\u00a0: 424 761 419 00045<\/span><\/p>\n<p><b>Les donn\u00e9es dans le cadre de l\u2019\u00e9dition du service sont trait\u00e9es directement par<\/b><span style=\"font-weight: 400;\">\u00a0:\u00a0<\/span><\/p>\n<p><span style=\"font-weight: 400;\">Microsoft Office 365<br \/>\n<\/span><span style=\"font-weight: 400;\">D\u00e9nomination ou raison sociale\u00a0: Microsoft Corporation<br \/>\n<\/span><span style=\"font-weight: 400;\">Adresse\u00a0: 37 Quai du Pr\u00e9sident Roosevelt, 92130 Issy-les-Moulineaux<\/span><\/p>\n<p><b>Cr\u00e9dits photos : <\/b><span style=\"font-weight: 400;\">Olivier Lemoine<\/span> <span style=\"font-weight: 400;\">\u2013 Photo-Terroirs<\/span><\/p>\n<p><b>Conception et r\u00e9alisation :<br \/>\n<\/b><span style=\"font-weight: 400;\">Le pr\u00e9sent site internet est con\u00e7u et r\u00e9alis\u00e9 par<span style=\"color: #808080;\">\u00a0<a style=\"color: #808080;\" href=\"https:\/\/cvagency-communication.fr\/\" target=\"_blank\" rel=\"noopener\">cv agency<\/a>, <\/span>Conseil en relations publiques et communication, situ\u00e9e 23 RUE DE LA REPUBLIQUE, 71640 GIVRY.<\/span><\/p>\n<p><b>RGPD et loi informatique et libert\u00e9s :<\/b><\/p>\n<p><span style=\"font-weight: 400;\">TERROIRS DISTILLERS ARTISANAL BRANDS est le responsable des traitements de donn\u00e9es personnelles collect\u00e9es sur le pr\u00e9sent site.<\/span><\/p>\n<p><span style=\"font-weight: 400;\">Pour en savoir plus sur les finalit\u00e9s et les modalit\u00e9s de traitement de vos donn\u00e9es personnelles, le type de donn\u00e9es collect\u00e9 ou encore la s\u00e9curisation technique que nous offrons \u00e0 vos donn\u00e9es, nous vous invitons \u00e0 prendre connaissance de notre politique de confidentialit\u00e9.<\/span><\/p>\n<p><span style=\"font-weight: 400;\">Pour toute question relative \u00e0 la protection de vos donn\u00e9es personnelles, vous pouvez contacter TERROIRS DISTILLERS ARTISANAL BRANDS par\u00a0:\u00a0<\/span><\/p>\n<ul>\n<li style=\"font-weight: 400;\" aria-level=\"1\"><span style=\"font-weight: 400;\">courriel \u00e0 l\u2019adresse \u00e9lectronique\u00a0 <\/span><a href=\"mailto:contact@compagniedesindesrum.com\"><span style=\"font-weight: 400;\">contact@compagniedesindesrum.com<\/span><\/a><\/li>\n<li style=\"font-weight: 400;\" aria-level=\"1\"><span style=\"font-weight: 400;\">voie postale \u00e0 l\u2019adresse : TERROIRS DISTILLERS ARTISANAL BRANDS &#8211; Les Noirots Route de Saint-Loup de la Salle &#8211; 71150 CHAGNY.<\/span><\/li>\n<\/ul>\n<p><b>Propri\u00e9t\u00e9 intellectuelle :<\/b><\/p>\n<p><span style=\"font-weight: 400;\">Le pr\u00e9sent site internet ainsi que le nom de domaine associ\u00e9 sont la propri\u00e9t\u00e9 de la soci\u00e9t\u00e9 TERROIRS DISTILLERS ARTISANAL BRANDS.<br \/>\n<\/span><span style=\"font-weight: 400;\">La structure g\u00e9n\u00e9rale, les textes, images anim\u00e9es ou non et tous les \u00e9l\u00e9ments composant ce site web, sont prot\u00e9g\u00e9s et rel\u00e8vent de la l\u00e9gislation fran\u00e7aise et internationale sur le droit d\u2019auteur et la propri\u00e9t\u00e9 intellectuelle. Tous les droits de reproduction sont r\u00e9serv\u00e9s, y compris pour les documents t\u00e9l\u00e9chargeables et les repr\u00e9sentations iconographiques et photographiques.<\/span><\/p>\n<p><span style=\"font-weight: 400;\">Toute copie, reproduction, repr\u00e9sentation, modification, publication, diffusion, transmission, d\u00e9naturation, totale ou partielle du site ou de son contenu, par quelque proc\u00e9d\u00e9 que ce soit et, sur quelque support que ce soit est interdite. Toute exploitation non autoris\u00e9e du site ou de son contenu, des informations qui y sont divulgu\u00e9es engagerait la responsabilit\u00e9 de l\u2019utilisateur et constituerait une contrefa\u00e7on sanctionn\u00e9e par les articles L. 335-2 et suivants du Code de la propri\u00e9t\u00e9 intellectuelle.<\/span><\/p>\n<p><span style=\"font-weight: 400;\">Les marques sur le site sont des marques d\u00e9pos\u00e9es par TERROIRS DISTILLERS ARTISANAL BRANDS ou toute soci\u00e9t\u00e9 affili\u00e9e ou par des tiers. Toute reproduction, totale ou partielle, de celles-ci sans autorisation expresse est interdite conform\u00e9ment aux articles L.\u00a0713-2 et suivants du Code de la propri\u00e9t\u00e9 intellectuelle et engage la responsabilit\u00e9 de son auteur.<\/span>[\/vc_column_text][\/vc_column][\/vc_row]\n","protected":false},"excerpt":{"rendered":"<p>[vc_row type=\u00a0\u00bbfull_width_background\u00a0\u00bb full_screen_row_position=\u00a0\u00bbmiddle\u00a0\u00bb column_margin=\u00a0\u00bbdefault\u00a0\u00bb column_direction=\u00a0\u00bbdefault\u00a0\u00bb column_direction_tablet=\u00a0\u00bbdefault\u00a0\u00bb column_direction_phone=\u00a0\u00bbdefault\u00a0\u00bb scene_position=\u00a0\u00bbcenter\u00a0\u00bb bottom_padding=\u00a0\u00bb20&Prime; text_color=\u00a0\u00bbdark\u00a0\u00bb text_align=\u00a0\u00bbleft\u00a0\u00bb row_border_radius=\u00a0\u00bbnone\u00a0\u00bb row_border_radius_applies=\u00a0\u00bbbg\u00a0\u00bb overlay_strength=\u00a0\u00bb0.3&Prime; gradient_direction=\u00a0\u00bbleft_to_right\u00a0\u00bb shape_divider_position=\u00a0\u00bbbottom\u00a0\u00bb bg_image_animation=\u00a0\u00bbnone\u00a0\u00bb][vc_column column_padding=\u00a0\u00bbpadding-5-percent\u00a0\u00bb column_padding_tablet=\u00a0\u00bbinherit\u00a0\u00bb column_padding_phone=\u00a0\u00bbinherit\u00a0\u00bb column_padding_position=\u00a0\u00bbtop\u00a0\u00bb background_color_opacity=\u00a0\u00bb1&Prime; background_hover_color_opacity=\u00a0\u00bb1&Prime; column_shadow=\u00a0\u00bbnone\u00a0\u00bb column_border_radius=\u00a0\u00bbnone\u00a0\u00bb column_link_target=\u00a0\u00bb_self\u00a0\u00bb gradient_direction=\u00a0\u00bbleft_to_right\u00a0\u00bb overlay_strength=\u00a0\u00bb0.3&Prime; width=\u00a0\u00bb1\/1&Prime; tablet_width_inherit=\u00a0\u00bbdefault\u00a0\u00bb&#8230;<\/p>\n","protected":false},"author":1,"featured_media":0,"parent":0,"menu_order":0,"comment_status":"closed","ping_status":"closed","template":"","meta":[],"yoast_head":"<!-- This site is optimized with the Yoast SEO plugin v15.6.1 - https:\/\/yoast.com\/wordpress\/plugins\/seo\/ -->\n<title>Mentions L\u00e9gales - Compagnie des Indes<\/title>\n<meta name=\"robots\" content=\"index, follow, max-snippet:-1, max-image-preview:large, max-video-preview:-1\" \/>\n<link rel=\"canonical\" href=\"https:\/\/compagniedesindesrum.com\/fr\/mentions-legales\/\" \/>\n<meta property=\"og:locale\" content=\"fr_FR\" \/>\n<meta property=\"og:type\" content=\"article\" \/>\n<meta property=\"og:title\" content=\"Mentions L\u00e9gales - Compagnie des Indes\" \/>\n<meta property=\"og:description\" content=\"[vc_row type=\u00a0\u00bbfull_width_background\u00a0\u00bb full_screen_row_position=\u00a0\u00bbmiddle\u00a0\u00bb column_margin=\u00a0\u00bbdefault\u00a0\u00bb column_direction=\u00a0\u00bbdefault\u00a0\u00bb column_direction_tablet=\u00a0\u00bbdefault\u00a0\u00bb column_direction_phone=\u00a0\u00bbdefault\u00a0\u00bb scene_position=\u00a0\u00bbcenter\u00a0\u00bb bottom_padding=\u00a0\u00bb20&Prime; text_color=\u00a0\u00bbdark\u00a0\u00bb text_align=\u00a0\u00bbleft\u00a0\u00bb row_border_radius=\u00a0\u00bbnone\u00a0\u00bb row_border_radius_applies=\u00a0\u00bbbg\u00a0\u00bb overlay_strength=\u00a0\u00bb0.3&Prime; gradient_direction=\u00a0\u00bbleft_to_right\u00a0\u00bb shape_divider_position=\u00a0\u00bbbottom\u00a0\u00bb bg_image_animation=\u00a0\u00bbnone\u00a0\u00bb][vc_column column_padding=\u00a0\u00bbpadding-5-percent\u00a0\u00bb column_padding_tablet=\u00a0\u00bbinherit\u00a0\u00bb column_padding_phone=\u00a0\u00bbinherit\u00a0\u00bb column_padding_position=\u00a0\u00bbtop\u00a0\u00bb background_color_opacity=\u00a0\u00bb1&Prime; background_hover_color_opacity=\u00a0\u00bb1&Prime; column_shadow=\u00a0\u00bbnone\u00a0\u00bb column_border_radius=\u00a0\u00bbnone\u00a0\u00bb column_link_target=\u00a0\u00bb_self\u00a0\u00bb gradient_direction=\u00a0\u00bbleft_to_right\u00a0\u00bb overlay_strength=\u00a0\u00bb0.3&Prime; width=\u00a0\u00bb1\/1&Prime; tablet_width_inherit=\u00a0\u00bbdefault\u00a0\u00bb...\" \/>\n<meta property=\"og:url\" content=\"https:\/\/compagniedesindesrum.com\/fr\/mentions-legales\/\" \/>\n<meta property=\"og:site_name\" content=\"Compagnie des Indes\" \/>\n<meta property=\"article:publisher\" content=\"https:\/\/www.facebook.com\/Compagniedesindes\/\" \/>\n<meta property=\"article:modified_time\" content=\"2025-12-15T13:33:37+00:00\" \/>\n<meta name=\"twitter:card\" content=\"summary\" \/>\n<meta name=\"twitter:label1\" content=\"Dur\u00e9e de lecture est.\">\n\t<meta name=\"twitter:data1\" content=\"4 minutes\">\n<script type=\"application\/ld+json\" class=\"yoast-schema-graph\">{\"@context\":\"https:\/\/schema.org\",\"@graph\":[{\"@type\":\"Organization\",\"@id\":\"https:\/\/compagniedesindesrum.com\/fr\/#organization\",\"name\":\"Compagnie des Indes\",\"url\":\"https:\/\/compagniedesindesrum.com\/fr\/\",\"sameAs\":[\"https:\/\/www.facebook.com\/Compagniedesindes\/\",\"https:\/\/www.instagram.com\/compagniedesindes\/\",\"https:\/\/www.linkedin.com\/company\/compagnie-des-indes\/\",\"https:\/\/www.youtube.com\/channel\/UCT2FJfSyIKBzqehPQk2-Tug\"],\"logo\":{\"@type\":\"ImageObject\",\"@id\":\"https:\/\/compagniedesindesrum.com\/fr\/#logo\",\"inLanguage\":\"fr-FR\",\"url\":\"https:\/\/compagniedesindesrum.com\/wp-content\/uploads\/2016\/05\/Logo-CDI-400.png\",\"width\":400,\"height\":218,\"caption\":\"Compagnie des Indes\"},\"image\":{\"@id\":\"https:\/\/compagniedesindesrum.com\/fr\/#logo\"}},{\"@type\":\"WebSite\",\"@id\":\"https:\/\/compagniedesindesrum.com\/fr\/#website\",\"url\":\"https:\/\/compagniedesindesrum.com\/fr\/\",\"name\":\"Compagnie des Indes\",\"description\":\"Most stunning rum collection\",\"publisher\":{\"@id\":\"https:\/\/compagniedesindesrum.com\/fr\/#organization\"},\"potentialAction\":[{\"@type\":\"SearchAction\",\"target\":\"https:\/\/compagniedesindesrum.com\/fr\/?s={search_term_string}\",\"query-input\":\"required name=search_term_string\"}],\"inLanguage\":\"fr-FR\"},{\"@type\":\"WebPage\",\"@id\":\"https:\/\/compagniedesindesrum.com\/fr\/mentions-legales\/#webpage\",\"url\":\"https:\/\/compagniedesindesrum.com\/fr\/mentions-legales\/\",\"name\":\"Mentions L\\u00e9gales - Compagnie des Indes\",\"isPartOf\":{\"@id\":\"https:\/\/compagniedesindesrum.com\/fr\/#website\"},\"datePublished\":\"2016-05-09T14:57:21+00:00\",\"dateModified\":\"2025-12-15T13:33:37+00:00\",\"inLanguage\":\"fr-FR\",\"potentialAction\":[{\"@type\":\"ReadAction\",\"target\":[\"https:\/\/compagniedesindesrum.com\/fr\/mentions-legales\/\"]}]}]}<\/script>\n<!-- \/ Yoast SEO plugin. -->","_links":{"self":[{"href":"https:\/\/compagniedesindesrum.com\/fr\/wp-json\/wp\/v2\/pages\/3759"}],"collection":[{"href":"https:\/\/compagniedesindesrum.com\/fr\/wp-json\/wp\/v2\/pages"}],"about":[{"href":"https:\/\/compagniedesindesrum.com\/fr\/wp-json\/wp\/v2\/types\/page"}],"author":[{"embeddable":true,"href":"https:\/\/compagniedesindesrum.com\/fr\/wp-json\/wp\/v2\/users\/1"}],"replies":[{"embeddable":true,"href":"https:\/\/compagniedesindesrum.com\/fr\/wp-json\/wp\/v2\/comments?post=3759"}],"version-history":[{"count":18,"href":"https:\/\/compagniedesindesrum.com\/fr\/wp-json\/wp\/v2\/pages\/3759\/revisions"}],"predecessor-version":[{"id":7733,"href":"https:\/\/compagniedesindesrum.com\/fr\/wp-json\/wp\/v2\/pages\/3759\/revisions\/7733"}],"wp:attachment":[{"href":"https:\/\/compagniedesindesrum.com\/fr\/wp-json\/wp\/v2\/media?parent=3759"}],"curies":[{"name":"wp","href":"https:\/\/api.w.org\/{rel}","templated":true}]}}